{"id":222,"date":"2026-02-27T10:37:20","date_gmt":"2026-02-27T10:37:20","guid":{"rendered":"https:\/\/castellanebatirlavenir.fr\/?page_id=222"},"modified":"2026-02-27T10:41:10","modified_gmt":"2026-02-27T10:41:10","slug":"notre-equipe","status":"publish","type":"page","link":"https:\/\/castellanebatirlavenir.fr\/index.php\/notre-equipe\/","title":{"rendered":"Notre \u00e9quipe"},"content":{"rendered":"\t\t<div data-elementor-type=\"wp-page\" data-elementor-id=\"222\" class=\"elementor elementor-222\">\n\t\t\t\t<div class=\"elementor-element elementor-element-d9dd936 e-flex e-con-boxed e-con e-parent\" data-id=\"d9dd936\" data-element_type=\"container\">\n\t\t\t\t\t<div class=\"e-con-inner\">\n\t\t\t\t<div class=\"elementor-element elementor-element-704700d elementor-widget elementor-widget-spacer\" data-id=\"704700d\" data-element_type=\"widget\" data-widget_type=\"spacer.default\">\n\t\t\t\t\t\t\t<div class=\"elementor-spacer\">\n\t\t\t<div class=\"elementor-spacer-inner\"><\/div>\n\t\t<\/div>\n\t\t\t\t\t\t<\/div>\n\t\t\t\t<div class=\"elementor-element elementor-element-3c7043f elementor-widget elementor-widget-heading\" data-id=\"3c7043f\" data-element_type=\"widget\" data-widget_type=\"heading.default\">\n\t\t\t\t\t<h2 class=\"elementor-heading-title elementor-size-default\">Notre \u00e9quipe<\/h2>\t\t\t\t<\/div>\n\t\t\t\t<div class=\"elementor-element elementor-element-c855de8 elementor-widget elementor-widget-text-editor\" data-id=\"c855de8\" data-element_type=\"widget\" data-widget_type=\"text-editor.default\">\n\t\t\t\t\t\t\t\t\t<p><span class=\"a_GcMg font-feature-liga-off font-feature-clig-off font-feature-calt-off text-decoration-none text-strikethrough-none\">La liste que nous soumettons \u00e0 vos suffrages est compos\u00e9e de 15 conseillers au lieu de 19 comme pr\u00e9c\u00e9demment.<\/span><\/p><p><span class=\"a_GcMg font-feature-liga-off font-feature-clig-off font-feature-calt-off text-decoration-none text-strikethrough-none\">Sur ces 15 conseillers, 12 sont des sortants, 3 nouveaux nous ont rejoints.<\/span><\/p><p><span class=\"a_GcMg font-feature-liga-off font-feature-clig-off font-feature-calt-off text-decoration-none text-strikethrough-none\">Le choix de ces personnes et l\u2019ordre dans lequel ils ou elles sont positionn\u00e9s tiennent compte bien s\u00fbr de la parit\u00e9.<\/span><\/p><p><span class=\"a_GcMg font-feature-liga-off font-feature-clig-off font-feature-calt-off text-decoration-none text-strikethrough-none\"> Ces candidats repr\u00e9sentent un bel \u00e9quilibre et une r\u00e9elle compl\u00e9mentarit\u00e9 entre les diff\u00e9rentes sensibilit\u00e9s, les comp\u00e9tences, les \u00e2ges et la disponibilit\u00e9.<\/span><\/p>\t\t\t\t\t\t\t\t<\/div>\n\t\t\t\t<div class=\"elementor-element elementor-element-9e1a5f3 elementor-widget elementor-widget-image\" data-id=\"9e1a5f3\" data-element_type=\"widget\" data-widget_type=\"image.default\">\n\t\t\t\t\t\t\t\t\t\t\t\t\t\t\t<img fetchpriority=\"high\" decoding=\"async\" width=\"724\" height=\"1024\" src=\"https:\/\/castellanebatirlavenir.fr\/wp-content\/uploads\/2026\/02\/Flyer-campagne-724x1024.jpg\" class=\"attachment-large size-large wp-image-225\" alt=\"\" srcset=\"https:\/\/castellanebatirlavenir.fr\/wp-content\/uploads\/2026\/02\/Flyer-campagne-724x1024.jpg 724w, https:\/\/castellanebatirlavenir.fr\/wp-content\/uploads\/2026\/02\/Flyer-campagne-212x300.jpg 212w, https:\/\/castellanebatirlavenir.fr\/wp-content\/uploads\/2026\/02\/Flyer-campagne-768x1086.jpg 768w, https:\/\/castellanebatirlavenir.fr\/wp-content\/uploads\/2026\/02\/Flyer-campagne-1086x1536.jpg 1086w, https:\/\/castellanebatirlavenir.fr\/wp-content\/uploads\/2026\/02\/Flyer-campagne.jpg 1414w\" sizes=\"(max-width: 724px) 100vw, 724px\" \/>\t\t\t\t\t\t\t\t\t\t\t\t\t\t\t<\/div>\n\t\t\t\t\t<\/div>\n\t\t\t\t<\/div>\n\t\t<div class=\"elementor-element elementor-element-a97dd75 e-flex e-con-boxed e-con e-parent\" data-id=\"a97dd75\" data-element_type=\"container\">\n\t\t\t\t\t<div class=\"e-con-inner\">\n\t\t\t\t\t<\/div>\n\t\t\t\t<\/div>\n\t\t\t\t<\/div>\n\t\t","protected":false},"excerpt":{"rendered":"<p>Notre \u00e9quipe La liste que nous soumettons \u00e0 vos suffrages est compos\u00e9e de 15 conseillers au lieu de 19 comme pr\u00e9c\u00e9demment. Sur ces 15 conseillers, 12 sont des sortants, 3 nouveaux nous ont rejoints. Le choix de ces personnes et l\u2019ordre dans lequel ils ou elles sont positionn\u00e9s tiennent compte bien s\u00fbr de la parit\u00e9. [&hellip;]<\/p>\n","protected":false},"author":1,"featured_media":0,"parent":0,"menu_order":0,"comment_status":"closed","ping_status":"closed","template":"","meta":{"footnotes":""},"class_list":["post-222","page","type-page","status-publish","hentry"],"_links":{"self":[{"href":"https:\/\/castellanebatirlavenir.fr\/index.php\/wp-json\/wp\/v2\/pages\/222","targetHints":{"allow":["GET"]}}],"collection":[{"href":"https:\/\/castellanebatirlavenir.fr\/index.php\/wp-json\/wp\/v2\/pages"}],"about":[{"href":"https:\/\/castellanebatirlavenir.fr\/index.php\/wp-json\/wp\/v2\/types\/page"}],"author":[{"embeddable":true,"href":"https:\/\/castellanebatirlavenir.fr\/index.php\/wp-json\/wp\/v2\/users\/1"}],"replies":[{"embeddable":true,"href":"https:\/\/castellanebatirlavenir.fr\/index.php\/wp-json\/wp\/v2\/comments?post=222"}],"version-history":[{"count":5,"href":"https:\/\/castellanebatirlavenir.fr\/index.php\/wp-json\/wp\/v2\/pages\/222\/revisions"}],"predecessor-version":[{"id":229,"href":"https:\/\/castellanebatirlavenir.fr\/index.php\/wp-json\/wp\/v2\/pages\/222\/revisions\/229"}],"wp:attachment":[{"href":"https:\/\/castellanebatirlavenir.fr\/index.php\/wp-json\/wp\/v2\/media?parent=222"}],"curies":[{"name":"wp","href":"https:\/\/api.w.org\/{rel}","templated":true}]}}