{"id":2,"date":"2025-12-22T15:02:44","date_gmt":"2025-12-22T15:02:44","guid":{"rendered":"http:\/\/castellanebatirlavenir.fr\/?page_id=2"},"modified":"2026-01-29T10:03:58","modified_gmt":"2026-01-29T10:03:58","slug":"sample-page","status":"publish","type":"page","link":"https:\/\/castellanebatirlavenir.fr\/","title":{"rendered":"Bienvenue !"},"content":{"rendered":"\t\t<div data-elementor-type=\"wp-page\" data-elementor-id=\"2\" class=\"elementor elementor-2\">\n\t\t\t\t<div class=\"elementor-element elementor-element-a261446 e-flex e-con-boxed e-con e-parent\" data-id=\"a261446\" data-element_type=\"container\">\n\t\t\t\t\t<div class=\"e-con-inner\">\n\t\t\t\t<div class=\"elementor-element elementor-element-6c1be6d elementor-widget elementor-widget-heading\" data-id=\"6c1be6d\" data-element_type=\"widget\" data-widget_type=\"heading.default\">\n\t\t\t\t\t<h1 class=\"elementor-heading-title elementor-size-default\">Bienvenue<\/h1>\t\t\t\t<\/div>\n\t\t\t\t<div class=\"elementor-element elementor-element-264da82 elementor-widget elementor-widget-heading\" data-id=\"264da82\" data-element_type=\"widget\" data-widget_type=\"heading.default\">\n\t\t\t\t\t<h2 class=\"elementor-heading-title elementor-size-default\">Continuons \u00e0 b\u00e2tir l'avenir<\/h2>\t\t\t\t<\/div>\n\t\t\t\t<div class=\"elementor-element elementor-element-563b955 elementor-widget elementor-widget-spacer\" data-id=\"563b955\" data-element_type=\"widget\" data-widget_type=\"spacer.default\">\n\t\t\t\t\t\t\t<div class=\"elementor-spacer\">\n\t\t\t<div class=\"elementor-spacer-inner\"><\/div>\n\t\t<\/div>\n\t\t\t\t\t\t<\/div>\n\t\t\t\t\t<\/div>\n\t\t\t\t<\/div>\n\t\t<div class=\"elementor-element elementor-element-3e993be e-grid e-con-boxed e-con e-parent\" data-id=\"3e993be\" data-element_type=\"container\">\n\t\t\t\t\t<div class=\"e-con-inner\">\n\t\t\t\t<div class=\"elementor-element elementor-element-83f9cf4 elementor-widget elementor-widget-text-editor\" data-id=\"83f9cf4\" data-element_type=\"widget\" data-widget_type=\"text-editor.default\">\n\t\t\t\t\t\t\t\t\t<p><br \/>Vous \u00eates sur le site officiel de la liste men\u00e9e par Bernard Liperini pour la campagne municipale 2026 &#8211; 2032 \u00e0 Castellane (04120).<br \/><br \/>Ce site est un espace d\u00e9di\u00e9 \u00e0 l\u2019avenir de Castellane et de ses hameaux, dans un esprit convivial et ouvert \u00e0 tous. Il a pour objectif de pr\u00e9senter une vision, des id\u00e9es et des projets construits \u00e0 partir du terrain et des rencontres avec les habitants.<\/p><p>Chacun peut s\u2019y informer, s\u2019exprimer et participer \u00e0 une r\u00e9flexion collective pour faire avancer notre territoire ensemble.<\/p>\t\t\t\t\t\t\t\t<\/div>\n\t\t\t\t<div class=\"elementor-element elementor-element-bd553d4 elementor-widget elementor-widget-image\" data-id=\"bd553d4\" data-element_type=\"widget\" data-widget_type=\"image.default\">\n\t\t\t\t\t\t\t\t\t\t\t\t\t\t\t<img fetchpriority=\"high\" decoding=\"async\" width=\"201\" height=\"300\" src=\"https:\/\/castellanebatirlavenir.fr\/wp-content\/uploads\/2025\/12\/BL-fondu3-201x300.png\" class=\"attachment-medium size-medium wp-image-121\" alt=\"\" srcset=\"https:\/\/castellanebatirlavenir.fr\/wp-content\/uploads\/2025\/12\/BL-fondu3-201x300.png 201w, https:\/\/castellanebatirlavenir.fr\/wp-content\/uploads\/2025\/12\/BL-fondu3-688x1024.png 688w, https:\/\/castellanebatirlavenir.fr\/wp-content\/uploads\/2025\/12\/BL-fondu3-768x1144.png 768w, https:\/\/castellanebatirlavenir.fr\/wp-content\/uploads\/2025\/12\/BL-fondu3-1031x1536.png 1031w, https:\/\/castellanebatirlavenir.fr\/wp-content\/uploads\/2025\/12\/BL-fondu3-1375x2048.png 1375w, https:\/\/castellanebatirlavenir.fr\/wp-content\/uploads\/2025\/12\/BL-fondu3-scaled.png 1719w\" sizes=\"(max-width: 201px) 100vw, 201px\" \/>\t\t\t\t\t\t\t\t\t\t\t\t\t\t\t<\/div>\n\t\t\t\t\t<\/div>\n\t\t\t\t<\/div>\n\t\t<div class=\"elementor-element elementor-element-8ef8bc4 e-flex e-con-boxed e-con e-parent\" data-id=\"8ef8bc4\" data-element_type=\"container\">\n\t\t\t\t\t<div class=\"e-con-inner\">\n\t\t\t\t<div class=\"elementor-element elementor-element-ba488a3 elementor-widget elementor-widget-spacer\" data-id=\"ba488a3\" data-element_type=\"widget\" data-widget_type=\"spacer.default\">\n\t\t\t\t\t\t\t<div class=\"elementor-spacer\">\n\t\t\t<div class=\"elementor-spacer-inner\"><\/div>\n\t\t<\/div>\n\t\t\t\t\t\t<\/div>\n\t\t<div class=\"elementor-element elementor-element-dea3808 e-con-full e-flex e-con e-child\" data-id=\"dea3808\" data-element_type=\"container\">\n\t\t\t\t<div class=\"elementor-element elementor-element-540a7b0 elementor-widget elementor-widget-heading\" data-id=\"540a7b0\" data-element_type=\"widget\" data-widget_type=\"heading.default\">\n\t\t\t\t\t<h2 class=\"elementor-heading-title elementor-size-default\">D\u00e9couvrez nos derniers articles de blog<\/h2>\t\t\t\t<\/div>\n\t\t\t\t<div class=\"elementor-element elementor-element-f6d3202 elementor-widget elementor-widget-button\" data-id=\"f6d3202\" data-element_type=\"widget\" data-widget_type=\"button.default\">\n\t\t\t\t\t\t\t\t\t\t<a class=\"elementor-button elementor-button-link elementor-size-sm\" href=\"https:\/\/castellanebatirlavenir.fr\/index.php\/2025\/12\/26\/edito\/\">\n\t\t\t\t\t\t<span class=\"elementor-button-content-wrapper\">\n\t\t\t\t\t\t\t\t\t<span class=\"elementor-button-text\">Edito de Bernard LIPERINI<\/span>\n\t\t\t\t\t<\/span>\n\t\t\t\t\t<\/a>\n\t\t\t\t\t\t\t\t<\/div>\n\t\t\t\t<\/div>\n\t\t\t\t\t<\/div>\n\t\t\t\t<\/div>\n\t\t<div class=\"elementor-element elementor-element-035a059 e-flex e-con-boxed e-con e-parent\" data-id=\"035a059\" data-element_type=\"container\">\n\t\t\t\t\t<div class=\"e-con-inner\">\n\t\t\t\t<div class=\"elementor-element elementor-element-036a8d4 elementor-widget elementor-widget-spacer\" data-id=\"036a8d4\" data-element_type=\"widget\" data-widget_type=\"spacer.default\">\n\t\t\t\t\t\t\t<div class=\"elementor-spacer\">\n\t\t\t<div class=\"elementor-spacer-inner\"><\/div>\n\t\t<\/div>\n\t\t\t\t\t\t<\/div>\n\t\t<div class=\"elementor-element elementor-element-5883fab e-con-full e-flex e-con e-child\" data-id=\"5883fab\" data-element_type=\"container\">\n\t\t\t\t<div class=\"elementor-element elementor-element-0b968aa elementor-widget elementor-widget-heading\" data-id=\"0b968aa\" data-element_type=\"widget\" data-widget_type=\"heading.default\">\n\t\t\t\t\t<h2 class=\"elementor-heading-title elementor-size-default\">Les prochaines r\u00e9unions publiques &amp; rencontres<\/h2>\t\t\t\t<\/div>\n\t\t\t\t<div class=\"elementor-element elementor-element-c6d8d34 elementor-widget elementor-widget-text-editor\" data-id=\"c6d8d34\" data-element_type=\"widget\" data-widget_type=\"text-editor.default\">\n\t\t\t\t\t\t\t\t\t<ul><li><p>Samedi 7 f\u00e9vrier 14h30 <b>Sionne<\/b> et 17h30 <b>Taulanne<\/b><\/p><\/li><li><p><b><\/b>Dimanche 8 f\u00e9vrier : 14h30 <b>Chasteuil<\/b> et 16h30 <b>Taloire<\/b><\/p><\/li><li><p><b><\/b>Jeudi 12 f\u00e9vrier 18h30 : <b>A<\/b><b>telier participatif Castellane<\/b><\/p><\/li><li><p><b><\/b>Dimanche 15 f\u00e9vrier 14h30 : <b>Eoulx<\/b><\/p><\/li><li><p><b><\/b>Samedi 21 f\u00e9vrier 14h30 : <b>La Palud<\/b><\/p><\/li><li><p><b><\/b>Dimanche 22 f\u00e9vrier 14h30 : <b>La Baume &amp; <\/b><b>Blaron<\/b><\/p><\/li><li><p><b><\/b>Samedi 28 f\u00e9vrier : <b>La Colle <\/b><b>Brayal<\/b><b> et Villars et Brans<\/b><\/p><\/li><li><p><b><\/b>Dimanche 1 mars 14h30 : <b>Robion<\/b><\/p><\/li><li><p><b><\/b>Vendredi 13 mars 18h30 : <b>Castellane<\/b><\/p><\/li><\/ul>\t\t\t\t\t\t\t\t<\/div>\n\t\t\t\t<div class=\"elementor-element elementor-element-716fa22 elementor-widget elementor-widget-spacer\" data-id=\"716fa22\" data-element_type=\"widget\" data-widget_type=\"spacer.default\">\n\t\t\t\t\t\t\t<div class=\"elementor-spacer\">\n\t\t\t<div class=\"elementor-spacer-inner\"><\/div>\n\t\t<\/div>\n\t\t\t\t\t\t<\/div>\n\t\t\t\t<\/div>\n\t\t\t\t\t<\/div>\n\t\t\t\t<\/div>\n\t\t<div class=\"elementor-element elementor-element-32a6da5 e-flex e-con-boxed e-con e-parent\" data-id=\"32a6da5\" data-element_type=\"container\">\n\t\t\t\t\t<div class=\"e-con-inner\">\n\t\t\t\t<div class=\"elementor-element elementor-element-279a207 elementor-widget elementor-widget-heading\" data-id=\"279a207\" data-element_type=\"widget\" data-widget_type=\"heading.default\">\n\t\t\t\t\t<h2 class=\"elementor-heading-title elementor-size-default\">Restons en contact<\/h2>\t\t\t\t<\/div>\n\t\t\t\t\t<\/div>\n\t\t\t\t<\/div>\n\t\t<div class=\"elementor-element elementor-element-faaaa7e e-grid e-con-boxed e-con e-parent\" data-id=\"faaaa7e\" data-element_type=\"container\">\n\t\t\t\t\t<div class=\"e-con-inner\">\n\t\t\t\t<div class=\"elementor-element elementor-element-10699bc elementor-view-default elementor-widget elementor-widget-icon\" data-id=\"10699bc\" data-element_type=\"widget\" data-widget_type=\"icon.default\">\n\t\t\t\t\t\t\t<div class=\"elementor-icon-wrapper\">\n\t\t\t<a class=\"elementor-icon\" href=\"https:\/\/www.facebook.com\/avenirdecastellane\">\n\t\t\t<svg aria-hidden=\"true\" class=\"e-font-icon-svg e-fab-facebook-f\" viewBox=\"0 0 320 512\" xmlns=\"http:\/\/www.w3.org\/2000\/svg\"><path d=\"M279.14 288l14.22-92.66h-88.91v-60.13c0-25.35 12.42-50.06 52.24-50.06h40.42V6.26S260.43 0 225.36 0c-73.22 0-121.08 44.38-121.08 124.72v70.62H22.89V288h81.39v224h100.17V288z\"><\/path><\/svg>\t\t\t<\/a>\n\t\t<\/div>\n\t\t\t\t\t\t<\/div>\n\t\t\t\t<div class=\"elementor-element elementor-element-27bd9f5 elementor-view-default elementor-widget elementor-widget-icon\" data-id=\"27bd9f5\" data-element_type=\"widget\" data-widget_type=\"icon.default\">\n\t\t\t\t\t\t\t<div class=\"elementor-icon-wrapper\">\n\t\t\t<a class=\"elementor-icon\" href=\"https:\/\/www.tiktok.com\/@castellane.btir.l?_r=1&#038;_t=ZN-932HDr1B9XS\">\n\t\t\t<svg aria-hidden=\"true\" class=\"e-font-icon-svg e-fab-tiktok\" viewBox=\"0 0 448 512\" xmlns=\"http:\/\/www.w3.org\/2000\/svg\"><path d=\"M448,209.91a210.06,210.06,0,0,1-122.77-39.25V349.38A162.55,162.55,0,1,1,185,188.31V278.2a74.62,74.62,0,1,0,52.23,71.18V0l88,0a121.18,121.18,0,0,0,1.86,22.17h0A122.18,122.18,0,0,0,381,102.39a121.43,121.43,0,0,0,67,20.14Z\"><\/path><\/svg>\t\t\t<\/a>\n\t\t<\/div>\n\t\t\t\t\t\t<\/div>\n\t\t\t\t<div class=\"elementor-element elementor-element-54f0a76 elementor-view-default elementor-widget elementor-widget-icon\" data-id=\"54f0a76\" data-element_type=\"widget\" data-widget_type=\"icon.default\">\n\t\t\t\t\t\t\t<div class=\"elementor-icon-wrapper\">\n\t\t\t<a class=\"elementor-icon\" href=\"https:\/\/www.instagram.com\/continuonsabatircastellane\/\">\n\t\t\t<svg aria-hidden=\"true\" class=\"e-font-icon-svg e-fab-instagram\" viewBox=\"0 0 448 512\" xmlns=\"http:\/\/www.w3.org\/2000\/svg\"><path d=\"M224.1 141c-63.6 0-114.9 51.3-114.9 114.9s51.3 114.9 114.9 114.9S339 319.5 339 255.9 287.7 141 224.1 141zm0 189.6c-41.1 0-74.7-33.5-74.7-74.7s33.5-74.7 74.7-74.7 74.7 33.5 74.7 74.7-33.6 74.7-74.7 74.7zm146.4-194.3c0 14.9-12 26.8-26.8 26.8-14.9 0-26.8-12-26.8-26.8s12-26.8 26.8-26.8 26.8 12 26.8 26.8zm76.1 27.2c-1.7-35.9-9.9-67.7-36.2-93.9-26.2-26.2-58-34.4-93.9-36.2-37-2.1-147.9-2.1-184.9 0-35.8 1.7-67.6 9.9-93.9 36.1s-34.4 58-36.2 93.9c-2.1 37-2.1 147.9 0 184.9 1.7 35.9 9.9 67.7 36.2 93.9s58 34.4 93.9 36.2c37 2.1 147.9 2.1 184.9 0 35.9-1.7 67.7-9.9 93.9-36.2 26.2-26.2 34.4-58 36.2-93.9 2.1-37 2.1-147.8 0-184.8zM398.8 388c-7.8 19.6-22.9 34.7-42.6 42.6-29.5 11.7-99.5 9-132.1 9s-102.7 2.6-132.1-9c-19.6-7.8-34.7-22.9-42.6-42.6-11.7-29.5-9-99.5-9-132.1s-2.6-102.7 9-132.1c7.8-19.6 22.9-34.7 42.6-42.6 29.5-11.7 99.5-9 132.1-9s102.7-2.6 132.1 9c19.6 7.8 34.7 22.9 42.6 42.6 11.7 29.5 9 99.5 9 132.1s2.7 102.7-9 132.1z\"><\/path><\/svg>\t\t\t<\/a>\n\t\t<\/div>\n\t\t\t\t\t\t<\/div>\n\t\t\t\t\t<\/div>\n\t\t\t\t<\/div>\n\t\t<div class=\"elementor-element elementor-element-7f92abf e-grid e-con-boxed e-con e-parent\" data-id=\"7f92abf\" data-element_type=\"container\">\n\t\t\t\t\t<div class=\"e-con-inner\">\n\t\t\t\t<div class=\"elementor-element elementor-element-a6bd3f8 elementor-view-default elementor-widget elementor-widget-icon\" data-id=\"a6bd3f8\" data-element_type=\"widget\" data-widget_type=\"icon.default\">\n\t\t\t\t\t\t\t<div class=\"elementor-icon-wrapper\">\n\t\t\t<a class=\"elementor-icon\" href=\"tel:0681585150\">\n\t\t\t<svg aria-hidden=\"true\" class=\"e-font-icon-svg e-fas-phone-alt\" viewBox=\"0 0 512 512\" xmlns=\"http:\/\/www.w3.org\/2000\/svg\"><path d=\"M497.39 361.8l-112-48a24 24 0 0 0-28 6.9l-49.6 60.6A370.66 370.66 0 0 1 130.6 204.11l60.6-49.6a23.94 23.94 0 0 0 6.9-28l-48-112A24.16 24.16 0 0 0 122.6.61l-104 24A24 24 0 0 0 0 48c0 256.5 207.9 464 464 464a24 24 0 0 0 23.4-18.6l24-104a24.29 24.29 0 0 0-14.01-27.6z\"><\/path><\/svg>\t\t\t<\/a>\n\t\t<\/div>\n\t\t\t\t\t\t<\/div>\n\t\t\t\t<div class=\"elementor-element elementor-element-74987c2 elementor-view-default elementor-widget elementor-widget-icon\" data-id=\"74987c2\" data-element_type=\"widget\" data-widget_type=\"icon.default\">\n\t\t\t\t\t\t\t<div class=\"elementor-icon-wrapper\">\n\t\t\t<a class=\"elementor-icon\" href=\"mailto:castellanebatirlavenir@gmail.com\">\n\t\t\t<svg aria-hidden=\"true\" class=\"e-font-icon-svg e-fas-envelope\" viewBox=\"0 0 512 512\" xmlns=\"http:\/\/www.w3.org\/2000\/svg\"><path d=\"M502.3 190.8c3.9-3.1 9.7-.2 9.7 4.7V400c0 26.5-21.5 48-48 48H48c-26.5 0-48-21.5-48-48V195.6c0-5 5.7-7.8 9.7-4.7 22.4 17.4 52.1 39.5 154.1 113.6 21.1 15.4 56.7 47.8 92.2 47.6 35.7.3 72-32.8 92.3-47.6 102-74.1 131.6-96.3 154-113.7zM256 320c23.2.4 56.6-29.2 73.4-41.4 132.7-96.3 142.8-104.7 173.4-128.7 5.8-4.5 9.2-11.5 9.2-18.9v-19c0-26.5-21.5-48-48-48H48C21.5 64 0 85.5 0 112v19c0 7.4 3.4 14.3 9.2 18.9 30.6 23.9 40.7 32.4 173.4 128.7 16.8 12.2 50.2 41.8 73.4 41.4z\"><\/path><\/svg>\t\t\t<\/a>\n\t\t<\/div>\n\t\t\t\t\t\t<\/div>\n\t\t\t\t\t<\/div>\n\t\t\t\t<\/div>\n\t\t\t\t<\/div>\n\t\t","protected":false},"excerpt":{"rendered":"<p>Bienvenue Continuons \u00e0 b\u00e2tir l&#8217;avenir Vous \u00eates sur le site officiel de la liste men\u00e9e par Bernard Liperini pour la campagne municipale 2026 &#8211; 2032 \u00e0 Castellane (04120). Ce site est un espace d\u00e9di\u00e9 \u00e0 l\u2019avenir de Castellane et de ses hameaux, dans un esprit convivial et ouvert \u00e0 tous. Il a pour objectif de [&hellip;]<\/p>\n","protected":false},"author":1,"featured_media":0,"parent":0,"menu_order":0,"comment_status":"closed","ping_status":"open","template":"","meta":{"footnotes":""},"class_list":["post-2","page","type-page","status-publish","hentry"],"_links":{"self":[{"href":"https:\/\/castellanebatirlavenir.fr\/index.php\/wp-json\/wp\/v2\/pages\/2","targetHints":{"allow":["GET"]}}],"collection":[{"href":"https:\/\/castellanebatirlavenir.fr\/index.php\/wp-json\/wp\/v2\/pages"}],"about":[{"href":"https:\/\/castellanebatirlavenir.fr\/index.php\/wp-json\/wp\/v2\/types\/page"}],"author":[{"embeddable":true,"href":"https:\/\/castellanebatirlavenir.fr\/index.php\/wp-json\/wp\/v2\/users\/1"}],"replies":[{"embeddable":true,"href":"https:\/\/castellanebatirlavenir.fr\/index.php\/wp-json\/wp\/v2\/comments?post=2"}],"version-history":[{"count":64,"href":"https:\/\/castellanebatirlavenir.fr\/index.php\/wp-json\/wp\/v2\/pages\/2\/revisions"}],"predecessor-version":[{"id":217,"href":"https:\/\/castellanebatirlavenir.fr\/index.php\/wp-json\/wp\/v2\/pages\/2\/revisions\/217"}],"wp:attachment":[{"href":"https:\/\/castellanebatirlavenir.fr\/index.php\/wp-json\/wp\/v2\/media?parent=2"}],"curies":[{"name":"wp","href":"https:\/\/api.w.org\/{rel}","templated":true}]}}